{"id":7385,"date":"2020-08-25T08:57:44","date_gmt":"2020-08-25T08:57:44","guid":{"rendered":"https:\/\/joalx.com\/index.php\/home\/"},"modified":"2023-09-09T21:46:04","modified_gmt":"2023-09-09T21:46:04","slug":"home","status":"publish","type":"page","link":"https:\/\/joalx.com\/","title":{"rendered":"Inicio"},"content":{"rendered":"\n<div class=\"wp-block-media-text has-media-on-the-right is-stacked-on-mobile\" style=\"grid-template-columns:auto 46%\"><div class=\"wp-block-media-text__content\">\n<div class=\"wp-block-group is-layout-constrained wp-container-2 wp-block-group-is-layout-constrained\">\n<h4 class=\"wp-block-heading\">De todo al mejor precio<\/h4>\n\n\n\n<h1 class=\"wp-block-heading\">\u00a1Tu mundo, tus compras!<\/h1>\n\n\n\n<p>Navega por nuestra tienda en l\u00ednea y descubre lo que necesitas para tu vida cotidiana o para ese momento especial. Con entregas r\u00e1pidas y un servicio al cliente excepciona, estamos aqu\u00ed para hacer que tus compras sean sencillas y gratificantes.<\/p>\n\n\n\n<div class=\"wp-block-buttons is-layout-flex wp-block-buttons-is-layout-flex\">\n<div class=\"wp-block-button\"><a class=\"wp-block-button__link wp-element-button\">Empezar<\/a><\/div>\n<\/div>\n<\/div>\n<\/div><figure class=\"wp-block-media-text__media\"><img decoding=\"async\" loading=\"lazy\" width=\"538\" height=\"614\" src=\"http:\/\/joalx.com\/wp-content\/uploads\/2023\/08\/primera.png\" alt=\"\" class=\"wp-image-7409 size-full\" srcset=\"https:\/\/joalx.com\/wp-content\/uploads\/2023\/08\/primera.png 538w, https:\/\/joalx.com\/wp-content\/uploads\/2023\/08\/primera-263x300.png 263w\" sizes=\"(max-width: 538px) 100vw, 538px\" \/><\/figure><\/div>\n\n\n\n<div class=\"wp-block-uagb-container uagb-block-08cef606 alignfull uagb-is-root-container\"><div class=\"uagb-container-inner-blocks-wrap\">\n<div class=\"wp-block-uagb-container uagb-block-5815c00e\">\n<div class=\"wp-block-uagb-info-box uagb-block-1228455c uagb-infobox__content-wrap  uagb-infobox-icon-above-title uagb-infobox-image-valign-top\"><div class=\"uagb-ifb-content\"><div class=\"uagb-ifb-image-content\"><img decoding=\"async\" src=\"http:\/\/joalx.com\/wp-content\/uploads\/2020\/01\/image-01.jpg\" alt=\"\" width=\"550\" height=\"604\" loading=\"lazy\"\/><\/div><div class=\"uagb-ifb-title-wrap\"><span class=\"uagb-ifb-title-prefix\">Most Loved Designs<\/span><h5 class=\"uagb-ifb-title\">Customize Your T-Shirts<\/h5><\/div><\/div><\/div>\n<\/div>\n\n\n\n<div class=\"wp-block-uagb-container uagb-block-911f5b06\">\n<div class=\"wp-block-uagb-info-box uagb-block-2229438b uagb-infobox__content-wrap  uagb-infobox-icon-below-title uagb-infobox-image-valign-top\"><div class=\"uagb-ifb-content\"><div class=\"uagb-ifb-title-wrap\"><span class=\"uagb-ifb-title-prefix\">Design of the Week<\/span><h5 class=\"uagb-ifb-title\">Print Your T-Shirt<\/h5><\/div><div class=\"uagb-ifb-image-content\"><img decoding=\"async\" src=\"http:\/\/joalx.com\/wp-content\/uploads\/2020\/01\/image-03.jpg\" alt=\"\" width=\"550\" height=\"604\" loading=\"lazy\"\/><\/div><\/div><\/div>\n<\/div>\n\n\n\n<div class=\"wp-block-uagb-container uagb-block-a38a4bbb\">\n<div class=\"wp-block-uagb-info-box uagb-block-c8949611 uagb-infobox__content-wrap  uagb-infobox-icon-above-title uagb-infobox-image-valign-top\"><div class=\"uagb-ifb-content\"><div class=\"uagb-ifb-image-content\"><img decoding=\"async\" src=\"http:\/\/joalx.com\/wp-content\/uploads\/2020\/01\/image-02.jpg\" alt=\"\" width=\"550\" height=\"604\" loading=\"lazy\"\/><\/div><div class=\"uagb-ifb-title-wrap\"><span class=\"uagb-ifb-title-prefix\">Most Loved Designs<\/span><h5 class=\"uagb-ifb-title\">Customize Your T-Shirts<\/h5><\/div><\/div><\/div>\n<\/div>\n<\/div><\/div>\n\n\n\n<div class=\"wp-block-uagb-container uagb-block-a2b1c335 alignfull uagb-is-root-container\"><div class=\"uagb-container-inner-blocks-wrap\">\n<div class=\"wp-block-uagb-advanced-heading uagb-block-38d557ea\"><h2 class=\"uagb-heading-text\">Our Featured Products<\/h2><div class=\"uagb-separator\"><\/div><\/div>\n\n\n<div class=\"woocommerce columns-4 \"><ul class=\"products columns-4\">\n<li class=\"desktop-align-left tablet-align-left mobile-align-left product type-product post-2069 status-publish first instock product_cat-mugs has-post-thumbnail featured taxable shipping-taxable purchasable product-type-simple\">\n\t<\/li>\n<li class=\"desktop-align-left tablet-align-left mobile-align-left product type-product post-2072 status-publish instock product_cat-mugs has-post-thumbnail featured taxable shipping-taxable purchasable product-type-simple\">\n\t<\/li>\n<li class=\"desktop-align-left tablet-align-left mobile-align-left product type-product post-2071 status-publish instock product_cat-mugs has-post-thumbnail featured taxable shipping-taxable purchasable product-type-simple\">\n\t<\/li>\n<li class=\"desktop-align-left tablet-align-left mobile-align-left product type-product post-2070 status-publish last instock product_cat-mugs has-post-thumbnail featured taxable shipping-taxable purchasable product-type-simple\">\n\t<\/li>\n<\/ul>\n<\/div>\n<\/div><\/div>\n\n\n\n<div class=\"wp-block-uagb-container uagb-block-5ea35ddd alignfull uagb-is-root-container\"><div class=\"uagb-container-inner-blocks-wrap\">\n<div class=\"wp-block-uagb-info-box uagb-block-25f65de6 uagb-infobox__content-wrap  uagb-infobox-icon-above-title uagb-infobox-image-valign-top\"><div class=\"uagb-ifb-content\"><div class=\"uagb-ifb-title-wrap\"><span class=\"uagb-ifb-title-prefix\">Hurry Up!<\/span><h2 class=\"uagb-ifb-title\">Deal of the Day!<\/h2><\/div><p class=\"uagb-ifb-desc\">Buy This T-shirt At a 20% Discount, Use Code Off20<\/p><div class=\"uagb-ifb-button-wrapper wp-block-button\"><a href=\"#\" class=\"uagb-infobox-cta-link wp-block-button__link\" target=\"_self\" rel=\"noopener noreferrer\" onclick=\"return false;\" alt=\"\"><span class=\"uagb-inline-editing\">Shop Now<\/span><svg xmlns=\"https:\/\/www.w3.org\/2000\/svg\" viewBox=\"0 0 256 512\"><path d=\"M64 448c-8.188 0-16.38-3.125-22.62-9.375c-12.5-12.5-12.5-32.75 0-45.25L178.8 256L41.38 118.6c-12.5-12.5-12.5-32.75 0-45.25s32.75-12.5 45.25 0l160 160c12.5 12.5 12.5 32.75 0 45.25l-160 160C80.38 444.9 72.19 448 64 448z\"><\/path><\/svg><\/a><\/div><\/div><\/div>\n<\/div><\/div>\n\n\n\n<div class=\"wp-block-uagb-container uagb-block-2ad67de5 alignfull uagb-is-root-container\"><div class=\"uagb-container-inner-blocks-wrap\">\n<div class=\"wp-block-uagb-advanced-heading uagb-block-c9e149af\"><h2 class=\"uagb-heading-text\">Most Loved Products<\/h2><div class=\"uagb-separator\"><\/div><\/div>\n\n\n<div class=\"woocommerce columns-4 \"><ul class=\"products columns-4\">\n<li class=\"desktop-align-left tablet-align-left mobile-align-left product type-product post-7384 status-publish first instock product_cat-tshirts has-post-thumbnail sale featured taxable shipping-taxable purchasable product-type-simple\">\n\t<\/li>\n<li class=\"desktop-align-left tablet-align-left mobile-align-left product type-product post-2062 status-publish instock product_cat-tshirts has-post-thumbnail featured taxable shipping-taxable purchasable product-type-simple\">\n\t<\/li>\n<li class=\"desktop-align-left tablet-align-left mobile-align-left product type-product post-2060 status-publish instock product_cat-tshirts has-post-thumbnail featured taxable shipping-taxable purchasable product-type-simple\">\n\t<\/li>\n<li class=\"desktop-align-left tablet-align-left mobile-align-left product type-product post-2063 status-publish last instock product_cat-tshirts has-post-thumbnail sale featured taxable shipping-taxable purchasable product-type-simple\">\n\t<\/li>\n<\/ul>\n<\/div>\n<\/div><\/div>\n\n\n\n<div class=\"wp-block-uagb-container uagb-block-1bc04e8a alignfull uagb-is-root-container\">\n<div class=\"wp-block-uagb-image uagb-block-de9386eb wp-block-uagb-image--layout-default wp-block-uagb-image--effect-static wp-block-uagb-image--align-none\"><figure class=\"wp-block-uagb-image__figure\"><img decoding=\"async\" srcset=\"https:\/\/websitedemos.net\/custom-printing-08\/wp-content\/uploads\/sites\/666\/2022\/06\/graphic05-free-img-1024x42.png \" sizes=\"(max-width: 480px) 150px\" src=\"https:\/\/websitedemos.net\/custom-printing-08\/wp-content\/uploads\/sites\/666\/2022\/06\/graphic05-free-img-1024x42.png\" alt=\"\" class=\"uag-image-2571\" width=\"1024\" height=\"42\" title=\"\" loading=\"lazy\"\/><\/figure><\/div>\n<\/div>\n\n\n\n<div class=\"wp-block-uagb-container uagb-block-e4916f1c alignfull uagb-is-root-container\"><div class=\"uagb-container-inner-blocks-wrap\">\n<div class=\"wp-block-uagb-advanced-heading uagb-block-0ff44f3b\"><h2 class=\"uagb-heading-text\">Our Happy Clients!<\/h2><div class=\"uagb-separator\"><\/div><\/div>\n\n\n\n<div class=\"wp-block-uagb-container uagb-block-673f6834\">\n<div class=\"wp-block-uagb-container uagb-block-079ba51d\">\n<div class=\"wp-block-uagb-star-rating uagb-block-874090fb\"><div class=\"uag-star-rating\" title=\"5\/5\"><span class=\"uag-star\">\u2605<\/span><span class=\"uag-star\">\u2605<\/span><span class=\"uag-star\">\u2605<\/span><span class=\"uag-star\">\u2605<\/span><span class=\"uag-star\">\u2605<\/span><\/div><\/div>\n\n\n\n<div class=\"wp-block-uagb-testimonial uagb-slick-carousel uagb-tm__arrow-outside uagb-block-1c420dfc uagb-post__carousel_equal-height uagb-post__carousel_notset uagb-post__carousel_notset-tablet uagb-post__carousel_notset-mobile\"><div class=\"is-carousel uagb-tm__columns-1 uagb-tm__items\"><div class=\"uagb-testimonial__wrap  uagb-tm__imgicon-style-circle uagb-tm__image-position-bottom uagb-tm__bg-type-none \"><div class=\"uagb-tm__content\"><div class=\"uagb-tm__overlay\"><\/div><div class=\"uagb-tm__text-wrap\"><div class=\"uagb-tm__desc\">&#8220;Lectus, nonummy et. Occaecat delectus erat, minima dapibus ornare nunc, autem.&#8221;<\/div><div class=\"uagb-tm__meta-inner\"><div class=\"uagb-tm__image-content\"><div class=\"uagb-tm__image\"><img decoding=\"async\" class=\"uagb-tm-img-src\" src=\"http:\/\/joalx.com\/wp-content\/uploads\/2020\/08\/review-1.png\" alt=\"\" width=\"60\" height=\"62\" loading=\"lazy\"\/><\/div><\/div><div class=\"uagb-testimonial-details\"><span class=\"uagb-tm__author-name\">Diana Burnwood<\/span><span class=\"uagb-tm__company\"><\/span><\/div><\/div><\/div><\/div><\/div><\/div><\/div>\n<\/div>\n\n\n\n<div class=\"wp-block-uagb-container uagb-block-e38aafaf\">\n<div class=\"wp-block-uagb-star-rating uagb-block-885190f1\"><div class=\"uag-star-rating\" title=\"5\/5\"><span class=\"uag-star\">\u2605<\/span><span class=\"uag-star\">\u2605<\/span><span class=\"uag-star\">\u2605<\/span><span class=\"uag-star\">\u2605<\/span><span class=\"uag-star\">\u2605<\/span><\/div><\/div>\n\n\n\n<div class=\"wp-block-uagb-testimonial uagb-slick-carousel uagb-tm__arrow-outside uagb-block-1ebd9173 uagb-post__carousel_equal-height uagb-post__carousel_notset uagb-post__carousel_notset-tablet uagb-post__carousel_notset-mobile\"><div class=\"is-carousel uagb-tm__columns-1 uagb-tm__items\"><div class=\"uagb-testimonial__wrap  uagb-tm__imgicon-style-circle uagb-tm__image-position-bottom uagb-tm__bg-type-none \"><div class=\"uagb-tm__content\"><div class=\"uagb-tm__overlay\"><\/div><div class=\"uagb-tm__text-wrap\"><div class=\"uagb-tm__desc\">&#8220;Lectus, nonummy et. Occaecat delectus erat, minima dapibus ornare nunc, autem.&#8221;<\/div><div class=\"uagb-tm__meta-inner\"><div class=\"uagb-tm__image-content\"><div class=\"uagb-tm__image\"><img decoding=\"async\" class=\"uagb-tm-img-src\" src=\"http:\/\/joalx.com\/wp-content\/uploads\/2019\/06\/client3-free-img.png\" alt=\"\" width=\"60\" height=\"60\" loading=\"lazy\"\/><\/div><\/div><div class=\"uagb-testimonial-details\"><span class=\"uagb-tm__author-name\">Jessica Foxx\u200b<\/span><span class=\"uagb-tm__company\"><\/span><\/div><\/div><\/div><\/div><\/div><\/div><\/div>\n<\/div>\n\n\n\n<div class=\"wp-block-uagb-container uagb-block-b152271b\">\n<div class=\"wp-block-uagb-star-rating uagb-block-e5ed8eb1\"><div class=\"uag-star-rating\" title=\"5\/5\"><span class=\"uag-star\">\u2605<\/span><span class=\"uag-star\">\u2605<\/span><span class=\"uag-star\">\u2605<\/span><span class=\"uag-star\">\u2605<\/span><span class=\"uag-star\">\u2605<\/span><\/div><\/div>\n\n\n\n<div class=\"wp-block-uagb-testimonial uagb-slick-carousel uagb-tm__arrow-outside uagb-block-5f908198 uagb-post__carousel_equal-height uagb-post__carousel_notset uagb-post__carousel_notset-tablet uagb-post__carousel_notset-mobile\"><div class=\"is-carousel uagb-tm__columns-1 uagb-tm__items\"><div class=\"uagb-testimonial__wrap  uagb-tm__imgicon-style-circle uagb-tm__image-position-bottom uagb-tm__bg-type-none \"><div class=\"uagb-tm__content\"><div class=\"uagb-tm__overlay\"><\/div><div class=\"uagb-tm__text-wrap\"><div class=\"uagb-tm__desc\">&#8220;Lectus, nonummy et. Occaecat delectus erat, minima dapibus ornare nunc, autem.&#8221;<\/div><div class=\"uagb-tm__meta-inner\"><div class=\"uagb-tm__image-content\"><div class=\"uagb-tm__image\"><img decoding=\"async\" class=\"uagb-tm-img-src\" src=\"http:\/\/joalx.com\/wp-content\/uploads\/2019\/06\/client2-free-img.png\" alt=\"\" width=\"60\" height=\"60\" loading=\"lazy\"\/><\/div><\/div><div class=\"uagb-testimonial-details\"><span class=\"uagb-tm__author-name\">Lily Granger\u200b<\/span><span class=\"uagb-tm__company\"><\/span><\/div><\/div><\/div><\/div><\/div><\/div><\/div>\n<\/div>\n<\/div>\n<\/div><\/div>\n\n\n\n<div class=\"wp-block-uagb-container uagb-block-9302a894 alignfull uagb-is-root-container\"><div class=\"uagb-container-inner-blocks-wrap\">\n<div class=\"wp-block-uagb-container uagb-block-8ddd42ca\">\n<div class=\"wp-block-uagb-advanced-heading uagb-block-c5793e5d\"><h5 class=\"uagb-heading-text\">Featured In:<\/h5><\/div>\n<\/div>\n\n\n\n<div class=\"wp-block-uagb-container uagb-block-99f793a2\">\n<div class=\"wp-block-uagb-image aligncenter uagb-block-2de5b310 wp-block-uagb-image--layout-default wp-block-uagb-image--effect-static wp-block-uagb-image--align-center\"><figure class=\"wp-block-uagb-image__figure\"><img decoding=\"async\" srcset=\"http:\/\/joalx.com\/wp-content\/uploads\/2022\/06\/logo-2.png \" sizes=\"(max-width: 480px) 150px\" src=\"http:\/\/joalx.com\/wp-content\/uploads\/2022\/06\/logo-2.png\" alt=\"\" class=\"uag-image-2644\" width=\"113\" height=\"113\" title=\"\" loading=\"lazy\"\/><\/figure><\/div>\n<\/div>\n\n\n\n<div class=\"wp-block-uagb-container uagb-block-62355b2b\">\n<div class=\"wp-block-uagb-image aligncenter uagb-block-36331080 wp-block-uagb-image--layout-default wp-block-uagb-image--effect-static wp-block-uagb-image--align-center\"><figure class=\"wp-block-uagb-image__figure\"><img decoding=\"async\" srcset=\"http:\/\/joalx.com\/wp-content\/uploads\/2022\/06\/logo-7.png \" sizes=\"(max-width: 480px) 150px\" src=\"http:\/\/joalx.com\/wp-content\/uploads\/2022\/06\/logo-7.png\" alt=\"\" class=\"uag-image-2645\" width=\"113\" height=\"113\" title=\"\" loading=\"lazy\"\/><\/figure><\/div>\n<\/div>\n\n\n\n<div class=\"wp-block-uagb-container uagb-block-e3e40606\">\n<div class=\"wp-block-uagb-image aligncenter uagb-block-0be58802 wp-block-uagb-image--layout-default wp-block-uagb-image--effect-static wp-block-uagb-image--align-center\"><figure class=\"wp-block-uagb-image__figure\"><img decoding=\"async\" srcset=\"http:\/\/joalx.com\/wp-content\/uploads\/2022\/06\/logo-9.png \" sizes=\"(max-width: 480px) 150px\" src=\"http:\/\/joalx.com\/wp-content\/uploads\/2022\/06\/logo-9.png\" alt=\"\" class=\"uag-image-2646\" width=\"113\" height=\"113\" title=\"\" loading=\"lazy\"\/><\/figure><\/div>\n<\/div>\n\n\n\n<div class=\"wp-block-uagb-container uagb-block-cce76197\">\n<div class=\"wp-block-uagb-image aligncenter uagb-block-09895a71 wp-block-uagb-image--layout-default wp-block-uagb-image--effect-static wp-block-uagb-image--align-center\"><figure class=\"wp-block-uagb-image__figure\"><img decoding=\"async\" srcset=\"http:\/\/joalx.com\/wp-content\/uploads\/2022\/06\/logo-10.png \" sizes=\"(max-width: 480px) 150px\" src=\"http:\/\/joalx.com\/wp-content\/uploads\/2022\/06\/logo-10.png\" alt=\"\" class=\"uag-image-2647\" width=\"113\" height=\"113\" title=\"\" loading=\"lazy\"\/><\/figure><\/div>\n<\/div>\n\n\n\n<div class=\"wp-block-uagb-container uagb-block-cc114555\">\n<div class=\"wp-block-uagb-image aligncenter uagb-block-c0c45a4a wp-block-uagb-image--layout-default wp-block-uagb-image--effect-static wp-block-uagb-image--align-center\"><figure class=\"wp-block-uagb-image__figure\"><img decoding=\"async\" srcset=\"http:\/\/joalx.com\/wp-content\/uploads\/2022\/06\/logo-11.png \" sizes=\"(max-width: 480px) 150px\" src=\"http:\/\/joalx.com\/wp-content\/uploads\/2022\/06\/logo-11.png\" alt=\"\" class=\"uag-image-2648\" width=\"113\" height=\"113\" title=\"\" loading=\"lazy\"\/><\/figure><\/div>\n<\/div>\n<\/div><\/div>\n","protected":false},"excerpt":{"rendered":"<p>Our Featured Products Most Loved Products Our Happy Clients! Featured In:<\/p>\n","protected":false},"author":1,"featured_media":0,"parent":0,"menu_order":0,"comment_status":"closed","ping_status":"closed","template":"","meta":{"_editorskit_title_hidden":false,"_editorskit_reading_time":0,"_editorskit_is_block_options_detached":false,"_editorskit_block_options_position":"{}","om_disable_all_campaigns":false,"inline_featured_image":false,"_uag_custom_page_level_css":"","_monsterinsights_skip_tracking":false,"_monsterinsights_sitenote_active":false,"_monsterinsights_sitenote_note":"","_monsterinsights_sitenote_category":0,"site-sidebar-layout":"no-sidebar","site-content-layout":"plain-container","ast-site-content-layout":"normal-width-container","site-content-style":"unboxed","site-sidebar-style":"unboxed","ast-global-header-display":"","ast-banner-title-visibility":"","ast-main-header-display":"","ast-hfb-above-header-display":"","ast-hfb-below-header-display":"","ast-hfb-mobile-header-display":"","site-post-title":"disabled","ast-breadcrumbs-content":"","ast-featured-img":"disabled","footer-sml-layout":"","theme-transparent-header-meta":"enabled","adv-header-id-meta":"","stick-header-meta":"","header-above-stick-meta":"","header-main-stick-meta":"","header-below-stick-meta":"","astra-migrate-meta-layouts":"set","footnotes":""},"aioseo_notices":[],"uagb_featured_image_src":{"full":false,"thumbnail":false,"medium":false,"medium_large":false,"large":false,"1536x1536":false,"2048x2048":false,"yith_slider_thumb":false,"woocommerce_thumbnail":false,"woocommerce_single":false,"woocommerce_gallery_thumbnail":false},"uagb_author_info":{"display_name":"joalx.com","author_link":"https:\/\/joalx.com\/index.php\/author\/joalx-com\/"},"uagb_comment_info":0,"uagb_excerpt":"Our Featured Products Most Loved Products Our Happy Clients! Featured In:","_links":{"self":[{"href":"https:\/\/joalx.com\/index.php\/wp-json\/wp\/v2\/pages\/7385"}],"collection":[{"href":"https:\/\/joalx.com\/index.php\/wp-json\/wp\/v2\/pages"}],"about":[{"href":"https:\/\/joalx.com\/index.php\/wp-json\/wp\/v2\/types\/page"}],"author":[{"embeddable":true,"href":"https:\/\/joalx.com\/index.php\/wp-json\/wp\/v2\/users\/1"}],"replies":[{"embeddable":true,"href":"https:\/\/joalx.com\/index.php\/wp-json\/wp\/v2\/comments?post=7385"}],"version-history":[{"count":14,"href":"https:\/\/joalx.com\/index.php\/wp-json\/wp\/v2\/pages\/7385\/revisions"}],"predecessor-version":[{"id":7428,"href":"https:\/\/joalx.com\/index.php\/wp-json\/wp\/v2\/pages\/7385\/revisions\/7428"}],"wp:attachment":[{"href":"https:\/\/joalx.com\/index.php\/wp-json\/wp\/v2\/media?parent=7385"}],"curies":[{"name":"wp","href":"https:\/\/api.w.org\/{rel}","templated":true}]}}